{"id":71,"date":"2025-01-30T01:41:36","date_gmt":"2025-01-30T07:41:36","guid":{"rendered":"https:\/\/elbebetriunfador.com\/wp\/?page_id=71"},"modified":"2025-02-26T02:43:00","modified_gmt":"2025-02-26T08:43:00","slug":"inscribete","status":"publish","type":"page","link":"https:\/\/elbebetriunfador.com\/wp\/inscribete\/","title":{"rendered":"inscr\u00edbete"},"content":{"rendered":"\t\t<div data-elementor-type=\"wp-post\" data-elementor-id=\"71\" class=\"elementor elementor-71\" data-elementor-post-type=\"page\">\n\t\t\t\t<div class=\"elementor-element elementor-element-7f3dec4 e-flex e-con-boxed e-con e-parent\" data-id=\"7f3dec4\" data-element_type=\"container\" data-e-type=\"container\">\n\t\t\t\t\t<div class=\"e-con-inner\">\n\t\t\t\t<div class=\"elementor-element elementor-element-b2f316e elementor-widget elementor-widget-heading\" data-id=\"b2f316e\" data-element_type=\"widget\" data-e-type=\"widget\" data-widget_type=\"heading.default\">\n\t\t\t\t\t<h3 class=\"elementor-heading-title elementor-size-default\"><a href=\"https:\/\/tienda.vidroop.com\/academia\/elbebetriunfador\/producto\/9aa7a9ca-736a-4d09-af3d-9a7451df5b85\/comprar\">TRANSFORMA EL FUTURO DE TU BEB\u00c9                              \nINSCR\u00cdBETE CON NOSOTROS<\/a><\/h3>\t\t\t\t<\/div>\n\t\t\t\t\t<\/div>\n\t\t\t\t<\/div>\n\t\t<div class=\"elementor-element elementor-element-8431662 e-flex e-con-boxed e-con e-parent\" data-id=\"8431662\" data-element_type=\"container\" data-e-type=\"container\">\n\t\t\t\t\t<div class=\"e-con-inner\">\n\t\t\t\t<div class=\"elementor-element elementor-element-994a687 elementor-widget elementor-widget-video\" data-id=\"994a687\" data-element_type=\"widget\" data-e-type=\"widget\" data-settings=\"{&quot;video_type&quot;:&quot;vimeo&quot;,&quot;start&quot;:0,&quot;autoplay&quot;:&quot;yes&quot;,&quot;play_on_mobile&quot;:&quot;yes&quot;,&quot;yt_privacy&quot;:&quot;yes&quot;}\" data-widget_type=\"video.default\">\n\t\t\t\t\t\t\t<div class=\"elementor-wrapper elementor-open-inline\">\n\t\t\t<iframe class=\"elementor-video-iframe\" allowfullscreen allow=\"autoplay\" title=\"Reproductor de video vimeo\" src=\"https:\/\/player.vimeo.com\/video\/1056282848?autoplay=1&amp;playsinline=1&amp;color&amp;autopause=0&amp;dnt=true&amp;loop=0&amp;muted=0&amp;title=1&amp;portrait=1&amp;byline=1#t=\"><\/iframe>\t\t<\/div>\n\t\t\t\t\t\t<\/div>\n\t\t\t\t\t<\/div>\n\t\t\t\t<\/div>\n\t\t<div class=\"elementor-element elementor-element-d6fd4f8 e-flex e-con-boxed e-con e-parent\" data-id=\"d6fd4f8\" data-element_type=\"container\" data-e-type=\"container\">\n\t\t\t\t\t<div class=\"e-con-inner\">\n\t\t\t\t<div class=\"elementor-element elementor-element-4630a6b elementor-widget elementor-widget-heading\" data-id=\"4630a6b\" data-element_type=\"widget\" data-e-type=\"widget\" data-widget_type=\"heading.default\">\n\t\t\t\t\t<h3 class=\"elementor-heading-title elementor-size-default\"><a href=\"https:\/\/tienda.vidroop.com\/academia\/elbebetriunfador\/producto\/9aa7a9ca-736a-4d09-af3d-9a7451df5b85\/comprar\">si me quiero inscribir (Click aqu\u00ed)<\/a><\/h3>\t\t\t\t<\/div>\n\t\t\t\t<div class=\"elementor-element elementor-element-fa44581 elementor-widget-divider--view-line elementor-widget elementor-widget-divider\" data-id=\"fa44581\" data-element_type=\"widget\" data-e-type=\"widget\" data-widget_type=\"divider.default\">\n\t\t\t\t\t\t\t<div class=\"elementor-divider\">\n\t\t\t<span class=\"elementor-divider-separator\">\n\t\t\t\t\t\t<\/span>\n\t\t<\/div>\n\t\t\t\t\t\t<\/div>\n\t\t\t\t<div class=\"elementor-element elementor-element-ebe8326 elementor-widget-divider--view-line elementor-widget elementor-widget-divider\" data-id=\"ebe8326\" data-element_type=\"widget\" data-e-type=\"widget\" data-widget_type=\"divider.default\">\n\t\t\t\t\t\t\t<div class=\"elementor-divider\">\n\t\t\t<span class=\"elementor-divider-separator\">\n\t\t\t\t\t\t<\/span>\n\t\t<\/div>\n\t\t\t\t\t\t<\/div>\n\t\t\t\t<div class=\"elementor-element elementor-element-1400f56 elementor-widget elementor-widget-heading\" data-id=\"1400f56\" data-element_type=\"widget\" data-e-type=\"widget\" data-widget_type=\"heading.default\">\n\t\t\t\t\t<h3 class=\"elementor-heading-title elementor-size-default\">S\u00e9 de los primeros en inscribirte gratis a a la semana de aprendizaje \"Estimulaci\u00f3n temprana para el \u00e9xito\"<\/h3>\t\t\t\t<\/div>\n\t\t\t\t\t<\/div>\n\t\t\t\t<\/div>\n\t\t<div class=\"elementor-element elementor-element-e44f192 e-flex e-con-boxed e-con e-parent\" data-id=\"e44f192\" data-element_type=\"container\" data-e-type=\"container\">\n\t\t\t\t\t<div class=\"e-con-inner\">\n\t\t\t\t<div class=\"elementor-element elementor-element-b678f86 elementor-widget elementor-widget-text-editor\" data-id=\"b678f86\" data-element_type=\"widget\" data-e-type=\"widget\" data-widget_type=\"text-editor.default\">\n\t\t\t\t\t\t\t\t\t<ol><li><em><strong>Sin Tarjeta de cr\u00e9dito<\/strong><\/em><\/li><li><em><strong>Bonus sorpresa a lo largo del lanzamiento<\/strong><\/em><\/li><li><em><strong>Comunidad privada para un lanzamiento exitos<\/strong><\/em>o<\/li><\/ol>\t\t\t\t\t\t\t\t<\/div>\n\t\t\t\t\t<\/div>\n\t\t\t\t<\/div>\n\t\t<div class=\"elementor-element elementor-element-5c672f0 e-flex e-con-boxed e-con e-parent\" data-id=\"5c672f0\" data-element_type=\"container\" data-e-type=\"container\">\n\t\t\t\t\t<div class=\"e-con-inner\">\n\t\t\t\t<div class=\"elementor-element elementor-element-9c5ffc6 elementor-widget elementor-widget-heading\" data-id=\"9c5ffc6\" data-element_type=\"widget\" data-e-type=\"widget\" data-widget_type=\"heading.default\">\n\t\t\t\t\t<h2 class=\"elementor-heading-title elementor-size-default\"><a href=\"https:\/\/tienda.vidroop.com\/academia\/elbebetriunfador\/producto\/9aa7a9ca-736a-4d09-af3d-9a7451df5b85\/comprar\">si me quiero inscribir (Click aqu\u00ed)<\/a><\/h2>\t\t\t\t<\/div>\n\t\t\t\t<div class=\"elementor-element elementor-element-e5adefd elementor-widget-divider--view-line elementor-widget elementor-widget-divider\" data-id=\"e5adefd\" data-element_type=\"widget\" data-e-type=\"widget\" data-widget_type=\"divider.default\">\n\t\t\t\t\t\t\t<div class=\"elementor-divider\">\n\t\t\t<span class=\"elementor-divider-separator\">\n\t\t\t\t\t\t<\/span>\n\t\t<\/div>\n\t\t\t\t\t\t<\/div>\n\t\t\t\t<div class=\"elementor-element elementor-element-cc1042c elementor-widget elementor-widget-text-editor\" data-id=\"cc1042c\" data-element_type=\"widget\" data-e-type=\"widget\" data-widget_type=\"text-editor.default\">\n\t\t\t\t\t\t\t\t\t<ul><li>* En la semana de aprendizaje gratuita, aprender\u00e1s:<\/li><li>* Qu\u00e9 es el Desarrollo Psicomotor y cuales son sus caracter\u00edsticas (Video de 15 minutos lunes)<\/li><li>* Como se Eval\u00faa el Desarrollo Psicomotor en tu beb\u00e9 y cuales son los Hitos de desarrollo (Video de 15 minutos martes)<\/li><li>* Seminario Web en vivo donde podr\u00e1s interactuar con el ponente (webinario de 1 hora miercoles)<\/li><li>* Conocer\u00e1s cuales son los 7 errores durante la estimulaci\u00f3n temprana (Video de 15 minutos Jueves)<\/li><li>* contar\u00e1s con un mapa de aprendizaje donde tendr\u00e1s actividades y tareas para afianzar el aprendizaje.<\/li><\/ul>\t\t\t\t\t\t\t\t<\/div>\n\t\t\t\t\t<\/div>\n\t\t\t\t<\/div>\n\t\t<div class=\"elementor-element elementor-element-3ae4dc3 e-flex e-con-boxed e-con e-parent\" data-id=\"3ae4dc3\" data-element_type=\"container\" data-e-type=\"container\">\n\t\t\t\t\t<div class=\"e-con-inner\">\n\t\t\t\t<div class=\"elementor-element elementor-element-b7863be elementor-widget elementor-widget-heading\" data-id=\"b7863be\" data-element_type=\"widget\" data-e-type=\"widget\" data-widget_type=\"heading.default\">\n\t\t\t\t\t<h4 class=\"elementor-heading-title elementor-size-default\">Promesa Formativa:  Descubre c\u00f3mo potenciar el desarrollo integral de tu beb\u00e9 desde los primeros meses de vida, con estrategias pr\u00e1cticas y cient\u00edficamente respaldadas. <\/h4>\t\t\t\t<\/div>\n\t\t\t\t<div class=\"elementor-element elementor-element-9874ac7 elementor-widget elementor-widget-heading\" data-id=\"9874ac7\" data-element_type=\"widget\" data-e-type=\"widget\" data-widget_type=\"heading.default\">\n\t\t\t\t\t<h2 class=\"elementor-heading-title elementor-size-default\"><a href=\"https:\/\/tienda.vidroop.com\/academia\/elbebetriunfador\/producto\/9aa7a9ca-736a-4d09-af3d-9a7451df5b85\/comprar\">S\u00ed me quiero inscribir (click aqu\u00ed)<\/a><\/h2>\t\t\t\t<\/div>\n\t\t\t\t\t<\/div>\n\t\t\t\t<\/div>\n\t\t\t\t<\/div>\n\t\t","protected":false},"excerpt":{"rendered":"<p>TRANSFORMA EL FUTURO DE TU BEB\u00c9 INSCR\u00cdBETE CON NOSOTROS si me quiero inscribir (Click aqu\u00ed) S\u00e9 de los primeros en inscribirte gratis a a la semana de aprendizaje &#8220;Estimulaci\u00f3n temprana para el \u00e9xito&#8221; Sin Tarjeta de cr\u00e9dito Bonus sorpresa a lo largo del lanzamiento Comunidad privada para un lanzamiento exitoso si me quiero inscribir (Click [&hellip;]<\/p>\n","protected":false},"author":1,"featured_media":0,"parent":0,"menu_order":0,"comment_status":"closed","ping_status":"closed","template":"elementor_canvas","meta":{"pagelayer_contact_templates":[],"_pagelayer_content":"","site-sidebar-layout":"default","site-content-layout":"","ast-site-content-layout":"default","site-content-style":"default","site-sidebar-style":"default","ast-global-header-display":"","ast-banner-title-visibility":"","ast-main-header-display":"","ast-hfb-above-header-display":"","ast-hfb-below-header-display":"","ast-hfb-mobile-header-display":"","site-post-title":"","ast-breadcrumbs-content":"","ast-featured-img":"","footer-sml-layout":"","ast-disable-related-posts":"","theme-transparent-header-meta":"","adv-header-id-meta":"","stick-header-meta":"","header-above-stick-meta":"","header-main-stick-meta":"","header-below-stick-meta":"","astra-migrate-meta-layouts":"default","ast-page-background-enabled":"default","ast-page-background-meta":{"desktop":{"background-color":"","background-image":"","background-repeat":"repeat","background-position":"center center","background-size":"auto","background-attachment":"scroll","background-type":"","background-media":"","overlay-type":"","overlay-color":"","overlay-opacity":"","overlay-gradient":""},"tablet":{"background-color":"","background-image":"","background-repeat":"repeat","background-position":"center center","background-size":"auto","background-attachment":"scroll","background-type":"","background-media":"","overlay-type":"","overlay-color":"","overlay-opacity":"","overlay-gradient":""},"mobile":{"background-color":"","background-image":"","background-repeat":"repeat","background-position":"center center","background-size":"auto","background-attachment":"scroll","background-type":"","background-media":"","overlay-type":"","overlay-color":"","overlay-opacity":"","overlay-gradient":""}},"ast-content-background-meta":{"desktop":{"background-color":"var(--ast-global-color-5)","background-image":"","background-repeat":"repeat","background-position":"center center","background-size":"auto","background-attachment":"scroll","background-type":"","background-media":"","overlay-type":"","overlay-color":"","overlay-opacity":"","overlay-gradient":""},"tablet":{"background-color":"var(--ast-global-color-5)","background-image":"","background-repeat":"repeat","background-position":"center center","background-size":"auto","background-attachment":"scroll","background-type":"","background-media":"","overlay-type":"","overlay-color":"","overlay-opacity":"","overlay-gradient":""},"mobile":{"background-color":"var(--ast-global-color-5)","background-image":"","background-repeat":"repeat","background-position":"center center","background-size":"auto","background-attachment":"scroll","background-type":"","background-media":"","overlay-type":"","overlay-color":"","overlay-opacity":"","overlay-gradient":""}},"footnotes":""},"class_list":["post-71","page","type-page","status-publish","hentry"],"_links":{"self":[{"href":"https:\/\/elbebetriunfador.com\/wp\/wp-json\/wp\/v2\/pages\/71","targetHints":{"allow":["GET"]}}],"collection":[{"href":"https:\/\/elbebetriunfador.com\/wp\/wp-json\/wp\/v2\/pages"}],"about":[{"href":"https:\/\/elbebetriunfador.com\/wp\/wp-json\/wp\/v2\/types\/page"}],"author":[{"embeddable":true,"href":"https:\/\/elbebetriunfador.com\/wp\/wp-json\/wp\/v2\/users\/1"}],"replies":[{"embeddable":true,"href":"https:\/\/elbebetriunfador.com\/wp\/wp-json\/wp\/v2\/comments?post=71"}],"version-history":[{"count":29,"href":"https:\/\/elbebetriunfador.com\/wp\/wp-json\/wp\/v2\/pages\/71\/revisions"}],"predecessor-version":[{"id":166,"href":"https:\/\/elbebetriunfador.com\/wp\/wp-json\/wp\/v2\/pages\/71\/revisions\/166"}],"wp:attachment":[{"href":"https:\/\/elbebetriunfador.com\/wp\/wp-json\/wp\/v2\/media?parent=71"}],"curies":[{"name":"wp","href":"https:\/\/api.w.org\/{rel}","templated":true}]}}